{"id":5106,"date":"2011-05-12T00:00:00","date_gmt":"2011-05-12T05:00:00","guid":{"rendered":"https:\/\/www.aclunebraska.org\/?page_id=5106"},"modified":"2025-06-17T11:47:10","modified_gmt":"2025-06-17T16:47:10","slug":"solicitar-ayuda","status":"publish","type":"page","link":"https:\/\/www.aclunebraska.org\/es\/solicitar-ayuda\/","title":{"rendered":"Solicitar Ayuda"},"content":{"rendered":"","protected":false},"excerpt":{"rendered":"<p>La Uni\u00f3n Americana de Derechos Civiles de Nebraska (ACLU por sus siglas en ingles) recibe miles de solicitudes de ayuda cada a\u00f1o.<\/p>\n","protected":false},"author":5,"featured_media":0,"parent":0,"menu_order":0,"comment_status":"closed","ping_status":"closed","template":"","meta":{"_acf_changed":false,"_relevanssi_hide_post":"","_relevanssi_hide_content":"","_relevanssi_pin_for_all":"","_relevanssi_pin_keywords":"","_relevanssi_unpin_keywords":"","_relevanssi_related_keywords":"","_relevanssi_related_include_ids":"","_relevanssi_related_exclude_ids":"","_relevanssi_related_no_append":"","_relevanssi_related_not_related":"","_relevanssi_related_posts":"","_relevanssi_noindex_reason":"","footnotes":""},"class_list":["post-5106","page","type-page","status-publish","hentry"],"acf":{"layout":"default","header-group":{"header-description":"La Uni\u00f3n Americana de Derechos Civiles de Nebraska (ACLU por sus siglas en ingles) recibe miles de solicitudes de ayuda cada a\u00f1o.","show-subnav":false,"hide-from-subnav":false},"components":[{"acf_fc_layout":"heading","heading":{"":null,"text":"Solicitud de Asistencia Legal","anchor":"","sub-heading":"","type":"h2","heading-style":"standard"}},{"acf_fc_layout":"text","text":{"text":"La ACLU de Nebraska generalmente NO acepta solicitudes de asistencia sin cita previa. Para solicitar asistencia legal, por favor env\u00ede un correo electr\u00f3nico a <a id=\"menur39o\" class=\"fui-Link ___1q1shib f2hkw1w f3rmtva f1ewtqcl fyind8e f1k6fduh f1w7gpdv fk6fouc fjoy568 figsok6 f1s184ao f1mk8lai fnbmjn9 f1o700av f13mvf36 f1cmlufx f9n3di6 f1ids18y f1tx3yz7 f1deo86v f1eh06m1 f1iescvh fhgqx19 f1olyrje f1p93eir f1nev41a f1h8hb77 f1lqvz6u f10aw75t fsle3fq f17ae5zn\" href=\"mailto:gethelp@aclunebraska.org\" target=\"_blank\" rel=\"noreferrer noopener\">gethelp@aclunebraska.org<\/a> o, llame a la l\u00ednea de acceso estatal de nuestra organizaci\u00f3n aliada, Asistencia Legal de Nebraska, al 1-877-250-2016 los lunes y mi\u00e9rcoles de 8:30 a.\u202fm. a 11:30 a.\u202fm. o los martes y jueves de 1:00 p.\u202fm. a 3:00 p.\u202fm.\r\n\r\nSi no desea enviar su solicitud por correo electr\u00f3nico o tel\u00e9fono, puede escribir una carta y enviarla a:\r\n<blockquote>Asistencia Legal de Nebraska (Recepci\u00f3n de casos de la ACLU)\r\n209 S. 19th St., Suite 200\r\nOmaha, NE 68102<\/blockquote>\r\nPor favor, incluya la siguiente informaci\u00f3n en su carta:\r\n<blockquote>Nombre:\r\nPronombres:\r\nDirecci\u00f3n postal:\r\nN\u00famero de tel\u00e9fono:\r\nDirecci\u00f3n de correo electr\u00f3nico:\r\n\u00bfContra qui\u00e9n es su queja?:\r\n\u00bfCu\u00e1ndo (fecha y hora) y d\u00f3nde (ciudad y estado) ocurri\u00f3 el incidente?:\r\nBreve descripci\u00f3n de la situaci\u00f3n:<\/blockquote>\r\nToda la informaci\u00f3n que usted proporcione ser\u00e1 mantenida confidencial entre Asistencia Legal de Nebraska y la ACLU de Nebraska."}},{"acf_fc_layout":"heading","heading":{"":null,"text":"Mas informaci\u00f3n sobre nuestro programa legal","anchor":"","sub-heading":"","type":"h2","heading-style":"standard"}},{"acf_fc_layout":"text","text":{"text":"La ACLU de Nebraska no es un servicio legal general y no puede responder a sus preguntas legales, revisar papeles, o hacer investigaci\u00f3n legal sobre su situaci\u00f3n a menos que aceptemos su caso. Llenar el formulario de solicitud para asistencia legal no establece una relaci\u00f3n de abogado-cliente entre usted y la ACLU de Nebraska. Por favor revise esta informaci\u00f3n antes de llenar el formulario. Aunque su queja est\u00e9 dentro de los par\u00e1metros delineados aqui, someter su queja no garantiza que la ACLU le proporcione asistencia legal.\r\n\r\nLa ACLU de Nebraska generalmente no acepta estos tipos de casos:\r\n<ul>\r\n \t<li>Cuestiones laborales;<\/li>\r\n \t<li>Cuestiones domesticas\/derecho familiar (divorcio, custodia de hijos, visitas, negligencia, testamentos, orden de protecci\u00f3n, etc.);<\/li>\r\n \t<li>La persona ha sido negada beneficios p\u00fablicos, como estampillas de comida, indemnizaci\u00f3n por accidente laboral, beneficios de desempleo, o seguro social;<\/li>\r\n \t<li>Reclamos contra un propietario\/inquilino\/vecino;<\/li>\r\n \t<li>Derecho juvenil;<\/li>\r\n \t<li>Conflictos comerciales\/de negocio;<\/li>\r\n \t<li>Casos individuales del proceso migratorio; y<\/li>\r\n \t<li>Casos criminales, apelaciones pos-condena, o quejas sobre su abogado o juez en su caso criminal. La ACLU considera aceptar casos criminales solo en casos limitados, por ejemplo, cuando una persona ha sido procesada por realizar actividades protegidas por la constituci\u00f3n; y<\/li>\r\n \t<li>Cuestiones que ocurren afuera del estado de Nebraska. (Puede contactar al afiliado de la ACLU en el estado donde ocurri\u00f3 el incidente para asistencia legal)<\/li>\r\n<\/ul>"}},{"acf_fc_layout":"heading","heading":{"":null,"text":"Aviso legal","anchor":"","sub-heading":"","type":"h2","heading-style":"standard"}},{"acf_fc_layout":"text","text":{"text":"Aunque su queja este dentro de los par\u00e1metros delineados arriba, someter una queja no garantiza que la ACLU de Nebraska le proporcione asistencia legal. Recibimos muchas solicitudes de asistencia legal cada mes, y simplemente hay muchos casos y problemas de injusticia los cuales la ACLU de Nebraska no puede manejar. Tenga en cuenta que al menos que y solo hasta que la ACLU de Nebraska este de acuerdo con aceptar su caso, usted es exclusivamente responsable por cumplir con todo y todos los estatutos de limitaci\u00f3n y plazos de tiempo para su situaci\u00f3n especifica. Si tiene preguntas sobre que plazo de tiempo tiene o cual estatuto de limitaci\u00f3n aplica a su caso, tendr\u00e1 que buscar consejo legal de un abogado."}},{"acf_fc_layout":"accordion","accordion":{"turn_on_faq":false,"list_style":false,"accordion-title":"Lista de Referencias","description":"","accordion-items":[{"title":"Para servicios legales no criminales","content":"Legal Aid of Nebraska\r\n(877) 250-2016\r\n<a href=\"https:\/\/www.legalaidofnebraska.org\/\">legalaidofnebraska.org<\/a>","image_video_field_group":{"image_video_options":"image","image_group":{"image":"","caption":"","credit":"","link-settings":"none","url":""},"video_group":{"video":null,"cover_image":null,"video_orientation":"standard"},"youtube_group":{"oembed-url":"","cover-image":null}}},{"title":"Para quejas sobre discriminaci\u00f3n en el trabajo, vivienda, o instalaciones publicas","content":"Nebraska Equal Opportunity Commission\r\nLincoln: (800) 642-6112\r\nOmaha: (800) 382-7820\r\n<a href=\"http:\/\/www.neoc.ne.gov\/\">http:\/\/www.neoc.ne.gov\/<\/a>\r\n\r\nCity of Omaha Human Rights &amp; Relations Department (complaints within city limits)\r\n(402) 444-5049\r\n<a href=\"https:\/\/humanrights.cityofomaha.org\/\">http:\/\/www.humanrights.cityofomaha.org<\/a>","image_video_field_group":{"image_video_options":"image","image_group":{"image":"","caption":"","credit":"","link-settings":"none","url":""},"video_group":{"video":null,"cover_image":null,"video_orientation":"standard"},"youtube_group":{"oembed-url":"","cover-image":null}}},{"title":"Para abogar por sus derechos de discapacidad","content":"Disability Rights Nebraska\r\n2930 Ridge Line Rd suite 205\r\nLincoln, NE 68516\r\n(800) 422-6691\r\n<a href=\"https:\/\/www.disabilityrightsnebraska.org\">https:\/\/www.disabilityrightsnebraska.org<\/a>","image_video_field_group":{"image_video_options":"image","image_group":{"image":"","caption":"","credit":"","link-settings":"none","url":""},"video_group":{"video":null,"cover_image":null,"video_orientation":"standard"},"youtube_group":{"oembed-url":"","cover-image":null}}},{"title":"Para quejas de instalaciones para el cuidado de la ciudad, trabajadores sociales, etc.","content":"Nebraska DHHS Investigations\r\n<a href=\"http:\/\/dhhs.ne.gov\/Pages\/complaints.aspx\">http:\/\/dhhs.ne.gov\/Pages\/complaints.aspx<\/a>","image_video_field_group":{"image_video_options":"image","image_group":{"image":"","caption":"","credit":"","link-settings":"none","url":""},"video_group":{"video":null,"cover_image":null,"video_orientation":"standard"},"youtube_group":{"oembed-url":"","cover-image":null}}},{"title":"Para quejas generales sobre agencias estatales","content":"Nebraska Ombudsman\u2019s Office\r\nState Capitol\r\nP.O. Box 94604\r\nLincoln, NE 68509-4604\r\n<a href=\"mailto:ombud@leg.ne.gov\">ombud@leg.ne.gov<\/a>","image_video_field_group":{"image_video_options":"image","image_group":{"image":"","caption":"","credit":"","link-settings":"none","url":""},"video_group":{"video":null,"cover_image":null,"video_orientation":"standard"},"youtube_group":{"oembed-url":"","cover-image":null}}},{"title":"Para abogac\u00eda general sobre el bienestar infantil, inmigraci\u00f3n, asequible asistencia de salud, y pobreza","content":"Nebraska Appleseed\r\n947 O Street, Suite 401\r\nLincoln, NE 68508\r\n(402) 438-8853\r\n<a href=\"https:\/\/neappleseed.org\/\">https:\/\/neappleseed.org\/<\/a>","image_video_field_group":{"image_video_options":"image","image_group":{"image":"","caption":"","credit":"","link-settings":"none","url":""},"video_group":{"video":null,"cover_image":null,"video_orientation":"standard"},"youtube_group":{"oembed-url":"","cover-image":null}}},{"title":"Para someter una queja contra un juez","content":"Nebraska Judicial Qualifications Commission\r\nSecretary, Nebraska Commission on Judicial Qualifications\r\nP.O. Box 98910\r\nLincoln, NE 68509-8910\r\n(402) 471-3730","image_video_field_group":{"image_video_options":"image","image_group":{"image":"","caption":"","credit":"","link-settings":"none","url":""},"video_group":{"video":null,"cover_image":null,"video_orientation":"standard"},"youtube_group":{"oembed-url":"","cover-image":null}}},{"title":"Para quejas sobre abogados","content":"Counsel for Discipline\r\n3808 Normal Boulevard\r\nLincoln, NE 68506\r\nPhone: (402) 471-1040","image_video_field_group":{"image_video_options":"image","image_group":{"image":"","caption":"","credit":"","link-settings":"none","url":""},"video_group":{"video":null,"cover_image":null,"video_orientation":"standard"},"youtube_group":{"oembed-url":"","cover-image":null}}},{"title":"Para servicios legales de inmigraci\u00f3n gratuitos o referencias a abogados de inmigraci\u00f3n","content":"NILAH\r\n1-855-307-6730 (press 9 to leave voicemail)\r\nMonday-Friday: 9AM-3PM CT","image_video_field_group":{"image_video_options":"image","image_group":{"image":"","caption":"","credit":"","link-settings":"none","url":""},"video_group":{"video":null,"cover_image":null,"video_orientation":"standard"},"youtube_group":{"oembed-url":"","cover-image":null}}},{"title":"Para temas de vivienda","content":"Family Housing Advisory Services\r\n<a href=\"https:\/\/www.fhasinc.org\/\">https:\/\/www.fhasinc.org\/<\/a>\r\n(402) 934-7921","image_video_field_group":{"image_video_options":"image","image_group":{"image":"","caption":"","credit":"","link-settings":"none","url":""},"video_group":{"video":null,"cover_image":null,"video_orientation":"standard"},"youtube_group":{"oembed-url":"","cover-image":null}}},{"title":"Para quejas sobre negocios","content":"Better Business Bureau\r\n<a href=\"https:\/\/www.bbb.org\/\">https:\/\/www.bbb.org\/<\/a>","image_video_field_group":{"image_video_options":"image","image_group":{"image":"","caption":"","credit":"","link-settings":"none","url":""},"video_group":{"video":null,"cover_image":null,"video_orientation":"standard"},"youtube_group":{"oembed-url":"","cover-image":null}}},{"title":"Para ayuda general con necesidades b\u00e1sicas (comida, vivienda, ropa, transportaci\u00f3n, etc.)","content":"Community-Action Partnership\r\n210 O Street\r\nLincoln, NE 68508\r\n(402) 471-4515\r\n<a href=\"https:\/\/communityactionatworkorg.presencehost.net\">https:\/\/communityactionatworkorg.presencehost.net<\/a>\r\n\r\nCenter for People\r\n3901 North 27th Street, Unit 1\r\nLincoln, NE 68521\r\n(402) 476-4357\r\n<a href=\"https:\/\/centerforpeople.org\/\">https:\/\/centerforpeople.org\/<\/a>","image_video_field_group":{"image_video_options":"image","image_group":{"image":"","caption":"","credit":"","link-settings":"none","url":""},"video_group":{"video":null,"cover_image":null,"video_orientation":"standard"},"youtube_group":{"oembed-url":"","cover-image":null}}},{"title":"Para abogac\u00eda para los sordos o que tienen dificultades para escuchar","content":"Nebraska Commission for the Deaf and Hard of Hearing\r\n4600 Valley Road, Suite 420\r\nLincoln, NE 68510\r\n(402) 471-3593","image_video_field_group":{"image_video_options":"image","image_group":{"image":"","caption":"","credit":"","link-settings":"none","url":""},"video_group":{"video":null,"cover_image":null,"video_orientation":"standard"},"youtube_group":{"oembed-url":"","cover-image":null}}},{"title":"Para quejas sobre la polic\u00eda","content":"Siga el proceso de quejas de la agencia policiaca. Si el problema no es resuelto o resuelto a su satisfacci\u00f3n, contacte a la ACLU otra vez con documentaci\u00f3n sobre su queja y la respuesta de su agencia.","image_video_field_group":{"image_video_options":"image","image_group":{"image":"","caption":"","credit":"","link-settings":"none","url":""},"video_group":{"video":null,"cover_image":null,"video_orientation":"standard"},"youtube_group":{"oembed-url":"","cover-image":null}}},{"title":"Para asistencia legal gratuita sobre educaci\u00f3n especial, suspensi\u00f3n expulsi\u00f3n, o problemas sobre el debido proceso en las escuelas publicas","content":"Education Rights Counsel\r\n(402) 263-6200","image_video_field_group":{"image_video_options":"image","image_group":{"image":"","caption":"","credit":"","link-settings":"none","url":""},"video_group":{"video":null,"cover_image":null,"video_orientation":"standard"},"youtube_group":{"oembed-url":"","cover-image":null}}},{"title":"Para representaci\u00f3n legal a bajo costo o limitado","content":"NE Bar Lawyer Referral Service\r\n<a href=\"https:\/\/www.nefindalawyer.com\/\">https:\/\/www.nefindalawyer.com\/<\/a>","image_video_field_group":{"image_video_options":"image","image_group":{"image":"","caption":"","credit":"","link-settings":"none","url":""},"video_group":{"video":null,"cover_image":null,"video_orientation":"standard"},"youtube_group":{"oembed-url":"","cover-image":null}}}]}}],"section":null,"issues":null,"related_content":null,"documents":null},"yoast_head":"<!-- This site is optimized with the Yoast SEO plugin v24.9 - https:\/\/yoast.com\/wordpress\/plugins\/seo\/ -->\n<title>Solicitar Ayuda - ACLU of Nebraska<\/title>\n<meta name=\"robots\" content=\"index, follow, max-snippet:-1, max-image-preview:large, max-video-preview:-1\" \/>\n<link rel=\"canonical\" href=\"https:\/\/www.aclunebraska.org\/es\/solicitar-ayuda\/\" \/>\n<meta property=\"og:locale\" content=\"es_ES\" \/>\n<meta property=\"og:type\" content=\"article\" \/>\n<meta property=\"og:title\" content=\"Solicitar Ayuda - ACLU of Nebraska\" \/>\n<meta property=\"og:description\" content=\"La Uni\u00f3n Americana de Derechos Civiles de Nebraska (ACLU por sus siglas en ingles) recibe miles de solicitudes de ayuda cada a\u00f1o.\" \/>\n<meta property=\"og:url\" content=\"https:\/\/www.aclunebraska.org\/es\/solicitar-ayuda\/\" \/>\n<meta property=\"og:site_name\" content=\"ACLU of Nebraska\" \/>\n<meta property=\"article:modified_time\" content=\"2025-06-17T16:47:10+00:00\" \/>\n<meta property=\"og:image\" content=\"https:\/\/www.aclunebraska.org\/app\/themes\/aclu-parent\/img\/default_fb_share.jpg\" \/>\n<meta name=\"twitter:card\" content=\"summary_large_image\" \/>\n<script type=\"application\/ld+json\" class=\"yoast-schema-graph\">{\"@context\":\"https:\/\/schema.org\",\"@graph\":[{\"@type\":\"WebPage\",\"@id\":\"https:\/\/www.aclunebraska.org\/es\/solicitar-ayuda\/\",\"url\":\"https:\/\/www.aclunebraska.org\/es\/solicitar-ayuda\/\",\"name\":\"Solicitar Ayuda - ACLU of Nebraska\",\"isPartOf\":{\"@id\":\"https:\/\/www.aclunebraska.org\/#website\"},\"datePublished\":\"2011-05-12T05:00:00+00:00\",\"dateModified\":\"2025-06-17T16:47:10+00:00\",\"inLanguage\":\"es-ES\",\"potentialAction\":[{\"@type\":\"ReadAction\",\"target\":[\"https:\/\/www.aclunebraska.org\/es\/solicitar-ayuda\/\"]}]},{\"@type\":\"WebSite\",\"@id\":\"https:\/\/www.aclunebraska.org\/#website\",\"url\":\"https:\/\/www.aclunebraska.org\/\",\"name\":\"ACLU of Nebraska\",\"description\":\"\",\"publisher\":{\"@id\":\"https:\/\/www.aclunebraska.org\/#organization\"},\"potentialAction\":[{\"@type\":\"SearchAction\",\"target\":{\"@type\":\"EntryPoint\",\"urlTemplate\":\"https:\/\/www.aclunebraska.org\/?s={search_term_string}\"},\"query-input\":{\"@type\":\"PropertyValueSpecification\",\"valueRequired\":true,\"valueName\":\"search_term_string\"}}],\"inLanguage\":\"es-ES\"},{\"@type\":\"Organization\",\"@id\":\"https:\/\/www.aclunebraska.org\/#organization\",\"name\":\"ACLU of Nebraska\",\"url\":\"https:\/\/www.aclunebraska.org\/\",\"logo\":{\"@type\":\"ImageObject\",\"inLanguage\":\"es-ES\",\"@id\":\"https:\/\/www.aclunebraska.org\/#\/schema\/logo\/image\/\",\"url\":\"https:\/\/www.aclunebraska.org\/app\/uploads\/2025\/08\/ACLU-Nebraska_Color-Logo_RGB.png\",\"contentUrl\":\"https:\/\/www.aclunebraska.org\/app\/uploads\/2025\/08\/ACLU-Nebraska_Color-Logo_RGB.png\",\"width\":1063,\"height\":578,\"caption\":\"ACLU of Nebraska\"},\"image\":{\"@id\":\"https:\/\/www.aclunebraska.org\/#\/schema\/logo\/image\/\"}}]}<\/script>\n<!-- \/ Yoast SEO plugin. -->","yoast_head_json":{"title":"Solicitar Ayuda - ACLU of Nebraska","robots":{"index":"index","follow":"follow","max-snippet":"max-snippet:-1","max-image-preview":"max-image-preview:large","max-video-preview":"max-video-preview:-1"},"canonical":"https:\/\/www.aclunebraska.org\/es\/solicitar-ayuda\/","og_locale":"es_ES","og_type":"article","og_title":"Solicitar Ayuda - ACLU of Nebraska","og_description":"La Uni\u00f3n Americana de Derechos Civiles de Nebraska (ACLU por sus siglas en ingles) recibe miles de solicitudes de ayuda cada a\u00f1o.","og_url":"https:\/\/www.aclunebraska.org\/es\/solicitar-ayuda\/","og_site_name":"ACLU of Nebraska","article_modified_time":"2025-06-17T16:47:10+00:00","og_image":[{"url":"https:\/\/www.aclunebraska.org\/app\/themes\/aclu-parent\/img\/default_fb_share.jpg","type":"","width":"","height":""}],"twitter_card":"summary_large_image","schema":{"@context":"https:\/\/schema.org","@graph":[{"@type":"WebPage","@id":"https:\/\/www.aclunebraska.org\/es\/solicitar-ayuda\/","url":"https:\/\/www.aclunebraska.org\/es\/solicitar-ayuda\/","name":"Solicitar Ayuda - ACLU of Nebraska","isPartOf":{"@id":"https:\/\/www.aclunebraska.org\/#website"},"datePublished":"2011-05-12T05:00:00+00:00","dateModified":"2025-06-17T16:47:10+00:00","inLanguage":"es-ES","potentialAction":[{"@type":"ReadAction","target":["https:\/\/www.aclunebraska.org\/es\/solicitar-ayuda\/"]}]},{"@type":"WebSite","@id":"https:\/\/www.aclunebraska.org\/#website","url":"https:\/\/www.aclunebraska.org\/","name":"ACLU of Nebraska","description":"","publisher":{"@id":"https:\/\/www.aclunebraska.org\/#organization"},"potentialAction":[{"@type":"SearchAction","target":{"@type":"EntryPoint","urlTemplate":"https:\/\/www.aclunebraska.org\/?s={search_term_string}"},"query-input":{"@type":"PropertyValueSpecification","valueRequired":true,"valueName":"search_term_string"}}],"inLanguage":"es-ES"},{"@type":"Organization","@id":"https:\/\/www.aclunebraska.org\/#organization","name":"ACLU of Nebraska","url":"https:\/\/www.aclunebraska.org\/","logo":{"@type":"ImageObject","inLanguage":"es-ES","@id":"https:\/\/www.aclunebraska.org\/#\/schema\/logo\/image\/","url":"https:\/\/www.aclunebraska.org\/app\/uploads\/2025\/08\/ACLU-Nebraska_Color-Logo_RGB.png","contentUrl":"https:\/\/www.aclunebraska.org\/app\/uploads\/2025\/08\/ACLU-Nebraska_Color-Logo_RGB.png","width":1063,"height":578,"caption":"ACLU of Nebraska"},"image":{"@id":"https:\/\/www.aclunebraska.org\/#\/schema\/logo\/image\/"}}]}},"distributor_meta":false,"distributor_terms":false,"distributor_media":false,"distributor_original_site_name":"ACLU of Nebraska","distributor_original_site_url":"https:\/\/www.aclunebraska.org\/es\/","push-errors":false,"_links":{"self":[{"href":"https:\/\/www.aclunebraska.org\/es\/wp-json\/wp\/v2\/pages\/5106","targetHints":{"allow":["GET"]}}],"collection":[{"href":"https:\/\/www.aclunebraska.org\/es\/wp-json\/wp\/v2\/pages"}],"about":[{"href":"https:\/\/www.aclunebraska.org\/es\/wp-json\/wp\/v2\/types\/page"}],"author":[{"embeddable":true,"href":"https:\/\/www.aclunebraska.org\/es\/wp-json\/wp\/v2\/users\/5"}],"replies":[{"embeddable":true,"href":"https:\/\/www.aclunebraska.org\/es\/wp-json\/wp\/v2\/comments?post=5106"}],"version-history":[{"count":2,"href":"https:\/\/www.aclunebraska.org\/es\/wp-json\/wp\/v2\/pages\/5106\/revisions"}],"predecessor-version":[{"id":5110,"href":"https:\/\/www.aclunebraska.org\/es\/wp-json\/wp\/v2\/pages\/5106\/revisions\/5110"}],"wp:attachment":[{"href":"https:\/\/www.aclunebraska.org\/es\/wp-json\/wp\/v2\/media?parent=5106"}],"curies":[{"name":"wp","href":"https:\/\/api.w.org\/{rel}","templated":true}]}}